{"id":263,"date":"2021-10-26T11:18:35","date_gmt":"2021-10-26T09:18:35","guid":{"rendered":"https:\/\/www.schmittavocats.com\/schmitt-avocats-est-un-cabinet-davocats-daffaires-independants-dedie-au-droit-public-des-affaires-et-au-droit-immobilier-public\/"},"modified":"2026-03-02T17:48:10","modified_gmt":"2026-03-02T16:48:10","slug":"schmitt-avocats-est-un-cabinet-davocats-daffaires-independants-dedie-au-droit-public-des-affaires-et-au-droit-immobilier-public","status":"publish","type":"page","link":"https:\/\/www.schmittavocats.com\/en\/schmitt-avocats-est-un-cabinet-davocats-daffaires-independants-dedie-au-droit-public-des-affaires-et-au-droit-immobilier-public\/","title":{"rendered":"Schmitt Avocats is a french business law firm dedicated to public law"},"content":{"rendered":"","protected":false},"excerpt":{"rendered":"","protected":false},"author":1,"featured_media":0,"parent":0,"menu_order":1,"comment_status":"closed","ping_status":"closed","template":"page-about.php","meta":[],"acf":[],"yoast_head":"<!-- This site is optimized with the Yoast SEO plugin v18.8 - https:\/\/yoast.com\/wordpress\/plugins\/seo\/ -->\n<title>Schmitt Avocats is a french business law firm dedicated to public law - Schmitt Avocats<\/title>\n<meta name=\"robots\" content=\"index, follow, max-snippet:-1, max-image-preview:large, max-video-preview:-1\" \/>\n<link rel=\"canonical\" href=\"https:\/\/www.schmittavocats.com\/en\/schmitt-avocats-est-un-cabinet-davocats-daffaires-independants-dedie-au-droit-public-des-affaires-et-au-droit-immobilier-public\/\" \/>\n<meta property=\"og:locale\" content=\"en_US\" \/>\n<meta property=\"og:type\" content=\"article\" \/>\n<meta property=\"og:title\" content=\"Schmitt Avocats is a french business law firm dedicated to public law - Schmitt Avocats\" \/>\n<meta property=\"og:url\" content=\"https:\/\/www.schmittavocats.com\/en\/schmitt-avocats-est-un-cabinet-davocats-daffaires-independants-dedie-au-droit-public-des-affaires-et-au-droit-immobilier-public\/\" \/>\n<meta property=\"og:site_name\" content=\"Schmitt Avocats\" \/>\n<meta property=\"article:modified_time\" content=\"2026-03-02T16:48:10+00:00\" \/>\n<meta name=\"twitter:card\" content=\"summary_large_image\" \/>\n<script type=\"application\/ld+json\" class=\"yoast-schema-graph\">{\"@context\":\"https:\/\/schema.org\",\"@graph\":[{\"@type\":\"WebSite\",\"@id\":\"https:\/\/www.schmittavocats.com\/en\/#website\",\"url\":\"https:\/\/www.schmittavocats.com\/en\/\",\"name\":\"Schmitt Avocats\",\"description\":\"Schmitt Avocats est un cabinet d\u2019affaires ind\u00e9pendant d\u00e9di\u00e9 au droit public\",\"potentialAction\":[{\"@type\":\"SearchAction\",\"target\":{\"@type\":\"EntryPoint\",\"urlTemplate\":\"https:\/\/www.schmittavocats.com\/en\/?s={search_term_string}\"},\"query-input\":\"required name=search_term_string\"}],\"inLanguage\":\"en-US\"},{\"@type\":\"WebPage\",\"@id\":\"https:\/\/www.schmittavocats.com\/en\/schmitt-avocats-est-un-cabinet-davocats-daffaires-independants-dedie-au-droit-public-des-affaires-et-au-droit-immobilier-public\/#webpage\",\"url\":\"https:\/\/www.schmittavocats.com\/en\/schmitt-avocats-est-un-cabinet-davocats-daffaires-independants-dedie-au-droit-public-des-affaires-et-au-droit-immobilier-public\/\",\"name\":\"Schmitt Avocats is a french business law firm dedicated to public law - Schmitt Avocats\",\"isPartOf\":{\"@id\":\"https:\/\/www.schmittavocats.com\/en\/#website\"},\"datePublished\":\"2021-10-26T09:18:35+00:00\",\"dateModified\":\"2026-03-02T16:48:10+00:00\",\"breadcrumb\":{\"@id\":\"https:\/\/www.schmittavocats.com\/en\/schmitt-avocats-est-un-cabinet-davocats-daffaires-independants-dedie-au-droit-public-des-affaires-et-au-droit-immobilier-public\/#breadcrumb\"},\"inLanguage\":\"en-US\",\"potentialAction\":[{\"@type\":\"ReadAction\",\"target\":[\"https:\/\/www.schmittavocats.com\/en\/schmitt-avocats-est-un-cabinet-davocats-daffaires-independants-dedie-au-droit-public-des-affaires-et-au-droit-immobilier-public\/\"]}]},{\"@type\":\"BreadcrumbList\",\"@id\":\"https:\/\/www.schmittavocats.com\/en\/schmitt-avocats-est-un-cabinet-davocats-daffaires-independants-dedie-au-droit-public-des-affaires-et-au-droit-immobilier-public\/#breadcrumb\",\"itemListElement\":[{\"@type\":\"ListItem\",\"position\":1,\"name\":\"Accueil\",\"item\":\"https:\/\/www.schmittavocats.com\/en\/\"},{\"@type\":\"ListItem\",\"position\":2,\"name\":\"Schmitt Avocats is a french business law firm dedicated to public law\"}]}]}<\/script>\n<!-- \/ Yoast SEO plugin. -->","yoast_head_json":{"title":"Schmitt Avocats is a french business law firm dedicated to public law - Schmitt Avocats","robots":{"index":"index","follow":"follow","max-snippet":"max-snippet:-1","max-image-preview":"max-image-preview:large","max-video-preview":"max-video-preview:-1"},"canonical":"https:\/\/www.schmittavocats.com\/en\/schmitt-avocats-est-un-cabinet-davocats-daffaires-independants-dedie-au-droit-public-des-affaires-et-au-droit-immobilier-public\/","og_locale":"en_US","og_type":"article","og_title":"Schmitt Avocats is a french business law firm dedicated to public law - Schmitt Avocats","og_url":"https:\/\/www.schmittavocats.com\/en\/schmitt-avocats-est-un-cabinet-davocats-daffaires-independants-dedie-au-droit-public-des-affaires-et-au-droit-immobilier-public\/","og_site_name":"Schmitt Avocats","article_modified_time":"2026-03-02T16:48:10+00:00","twitter_card":"summary_large_image","schema":{"@context":"https:\/\/schema.org","@graph":[{"@type":"WebSite","@id":"https:\/\/www.schmittavocats.com\/en\/#website","url":"https:\/\/www.schmittavocats.com\/en\/","name":"Schmitt Avocats","description":"Schmitt Avocats est un cabinet d\u2019affaires ind\u00e9pendant d\u00e9di\u00e9 au droit public","potentialAction":[{"@type":"SearchAction","target":{"@type":"EntryPoint","urlTemplate":"https:\/\/www.schmittavocats.com\/en\/?s={search_term_string}"},"query-input":"required name=search_term_string"}],"inLanguage":"en-US"},{"@type":"WebPage","@id":"https:\/\/www.schmittavocats.com\/en\/schmitt-avocats-est-un-cabinet-davocats-daffaires-independants-dedie-au-droit-public-des-affaires-et-au-droit-immobilier-public\/#webpage","url":"https:\/\/www.schmittavocats.com\/en\/schmitt-avocats-est-un-cabinet-davocats-daffaires-independants-dedie-au-droit-public-des-affaires-et-au-droit-immobilier-public\/","name":"Schmitt Avocats is a french business law firm dedicated to public law - Schmitt Avocats","isPartOf":{"@id":"https:\/\/www.schmittavocats.com\/en\/#website"},"datePublished":"2021-10-26T09:18:35+00:00","dateModified":"2026-03-02T16:48:10+00:00","breadcrumb":{"@id":"https:\/\/www.schmittavocats.com\/en\/schmitt-avocats-est-un-cabinet-davocats-daffaires-independants-dedie-au-droit-public-des-affaires-et-au-droit-immobilier-public\/#breadcrumb"},"inLanguage":"en-US","potentialAction":[{"@type":"ReadAction","target":["https:\/\/www.schmittavocats.com\/en\/schmitt-avocats-est-un-cabinet-davocats-daffaires-independants-dedie-au-droit-public-des-affaires-et-au-droit-immobilier-public\/"]}]},{"@type":"BreadcrumbList","@id":"https:\/\/www.schmittavocats.com\/en\/schmitt-avocats-est-un-cabinet-davocats-daffaires-independants-dedie-au-droit-public-des-affaires-et-au-droit-immobilier-public\/#breadcrumb","itemListElement":[{"@type":"ListItem","position":1,"name":"Accueil","item":"https:\/\/www.schmittavocats.com\/en\/"},{"@type":"ListItem","position":2,"name":"Schmitt Avocats is a french business law firm dedicated to public law"}]}]}},"_links":{"self":[{"href":"https:\/\/www.schmittavocats.com\/en\/wp-json\/wp\/v2\/pages\/263"}],"collection":[{"href":"https:\/\/www.schmittavocats.com\/en\/wp-json\/wp\/v2\/pages"}],"about":[{"href":"https:\/\/www.schmittavocats.com\/en\/wp-json\/wp\/v2\/types\/page"}],"author":[{"embeddable":true,"href":"https:\/\/www.schmittavocats.com\/en\/wp-json\/wp\/v2\/users\/1"}],"replies":[{"embeddable":true,"href":"https:\/\/www.schmittavocats.com\/en\/wp-json\/wp\/v2\/comments?post=263"}],"version-history":[{"count":22,"href":"https:\/\/www.schmittavocats.com\/en\/wp-json\/wp\/v2\/pages\/263\/revisions"}],"predecessor-version":[{"id":844,"href":"https:\/\/www.schmittavocats.com\/en\/wp-json\/wp\/v2\/pages\/263\/revisions\/844"}],"wp:attachment":[{"href":"https:\/\/www.schmittavocats.com\/en\/wp-json\/wp\/v2\/media?parent=263"}],"curies":[{"name":"wp","href":"https:\/\/api.w.org\/{rel}","templated":true}]}}