{"id":380,"date":"2021-10-26T11:16:25","date_gmt":"2021-10-26T09:16:25","guid":{"rendered":"https:\/\/www.schmittavocats.com\/les-dernieres-annonces-les-nouvelles-parutions-suivez-la-vie-du-cabinet\/"},"modified":"2022-04-14T20:35:47","modified_gmt":"2022-04-14T18:35:47","slug":"les-dernieres-annonces-les-nouvelles-parutions-suivez-la-vie-du-cabinet","status":"publish","type":"page","link":"https:\/\/www.schmittavocats.com\/en\/les-dernieres-annonces-les-nouvelles-parutions-suivez-la-vie-du-cabinet\/","title":{"rendered":"Last news, follow our firm&#8217;s activities"},"content":{"rendered":"","protected":false},"excerpt":{"rendered":"","protected":false},"author":1,"featured_media":0,"parent":0,"menu_order":6,"comment_status":"closed","ping_status":"closed","template":"page-news.php","meta":[],"acf":[],"yoast_head":"<!-- This site is optimized with the Yoast SEO plugin v18.8 - https:\/\/yoast.com\/wordpress\/plugins\/seo\/ -->\n<title>Last news, follow our firm&#039;s activities - Schmitt Avocats<\/title>\n<meta name=\"robots\" content=\"index, follow, max-snippet:-1, max-image-preview:large, max-video-preview:-1\" \/>\n<link rel=\"canonical\" href=\"https:\/\/www.schmittavocats.com\/en\/les-dernieres-annonces-les-nouvelles-parutions-suivez-la-vie-du-cabinet\/\" \/>\n<meta property=\"og:locale\" content=\"en_US\" \/>\n<meta property=\"og:type\" content=\"article\" \/>\n<meta property=\"og:title\" content=\"Last news, follow our firm&#039;s activities - Schmitt Avocats\" \/>\n<meta property=\"og:url\" content=\"https:\/\/www.schmittavocats.com\/en\/les-dernieres-annonces-les-nouvelles-parutions-suivez-la-vie-du-cabinet\/\" \/>\n<meta property=\"og:site_name\" content=\"Schmitt Avocats\" \/>\n<meta property=\"article:modified_time\" content=\"2022-04-14T18:35:47+00:00\" \/>\n<meta name=\"twitter:card\" content=\"summary_large_image\" \/>\n<script type=\"application\/ld+json\" class=\"yoast-schema-graph\">{\"@context\":\"https:\/\/schema.org\",\"@graph\":[{\"@type\":\"WebSite\",\"@id\":\"https:\/\/www.schmittavocats.com\/en\/#website\",\"url\":\"https:\/\/www.schmittavocats.com\/en\/\",\"name\":\"Schmitt Avocats\",\"description\":\"Schmitt Avocats est un cabinet d\u2019affaires ind\u00e9pendant d\u00e9di\u00e9 au droit public\",\"potentialAction\":[{\"@type\":\"SearchAction\",\"target\":{\"@type\":\"EntryPoint\",\"urlTemplate\":\"https:\/\/www.schmittavocats.com\/en\/?s={search_term_string}\"},\"query-input\":\"required name=search_term_string\"}],\"inLanguage\":\"en-US\"},{\"@type\":\"WebPage\",\"@id\":\"https:\/\/www.schmittavocats.com\/en\/les-dernieres-annonces-les-nouvelles-parutions-suivez-la-vie-du-cabinet\/#webpage\",\"url\":\"https:\/\/www.schmittavocats.com\/en\/les-dernieres-annonces-les-nouvelles-parutions-suivez-la-vie-du-cabinet\/\",\"name\":\"Last news, follow our firm's activities - Schmitt Avocats\",\"isPartOf\":{\"@id\":\"https:\/\/www.schmittavocats.com\/en\/#website\"},\"datePublished\":\"2021-10-26T09:16:25+00:00\",\"dateModified\":\"2022-04-14T18:35:47+00:00\",\"breadcrumb\":{\"@id\":\"https:\/\/www.schmittavocats.com\/en\/les-dernieres-annonces-les-nouvelles-parutions-suivez-la-vie-du-cabinet\/#breadcrumb\"},\"inLanguage\":\"en-US\",\"potentialAction\":[{\"@type\":\"ReadAction\",\"target\":[\"https:\/\/www.schmittavocats.com\/en\/les-dernieres-annonces-les-nouvelles-parutions-suivez-la-vie-du-cabinet\/\"]}]},{\"@type\":\"BreadcrumbList\",\"@id\":\"https:\/\/www.schmittavocats.com\/en\/les-dernieres-annonces-les-nouvelles-parutions-suivez-la-vie-du-cabinet\/#breadcrumb\",\"itemListElement\":[{\"@type\":\"ListItem\",\"position\":1,\"name\":\"Accueil\",\"item\":\"https:\/\/www.schmittavocats.com\/en\/\"},{\"@type\":\"ListItem\",\"position\":2,\"name\":\"Last news, follow our firm&rsquo;s activities\"}]}]}<\/script>\n<!-- \/ Yoast SEO plugin. -->","yoast_head_json":{"title":"Last news, follow our firm's activities - Schmitt Avocats","robots":{"index":"index","follow":"follow","max-snippet":"max-snippet:-1","max-image-preview":"max-image-preview:large","max-video-preview":"max-video-preview:-1"},"canonical":"https:\/\/www.schmittavocats.com\/en\/les-dernieres-annonces-les-nouvelles-parutions-suivez-la-vie-du-cabinet\/","og_locale":"en_US","og_type":"article","og_title":"Last news, follow our firm's activities - Schmitt Avocats","og_url":"https:\/\/www.schmittavocats.com\/en\/les-dernieres-annonces-les-nouvelles-parutions-suivez-la-vie-du-cabinet\/","og_site_name":"Schmitt Avocats","article_modified_time":"2022-04-14T18:35:47+00:00","twitter_card":"summary_large_image","schema":{"@context":"https:\/\/schema.org","@graph":[{"@type":"WebSite","@id":"https:\/\/www.schmittavocats.com\/en\/#website","url":"https:\/\/www.schmittavocats.com\/en\/","name":"Schmitt Avocats","description":"Schmitt Avocats est un cabinet d\u2019affaires ind\u00e9pendant d\u00e9di\u00e9 au droit public","potentialAction":[{"@type":"SearchAction","target":{"@type":"EntryPoint","urlTemplate":"https:\/\/www.schmittavocats.com\/en\/?s={search_term_string}"},"query-input":"required name=search_term_string"}],"inLanguage":"en-US"},{"@type":"WebPage","@id":"https:\/\/www.schmittavocats.com\/en\/les-dernieres-annonces-les-nouvelles-parutions-suivez-la-vie-du-cabinet\/#webpage","url":"https:\/\/www.schmittavocats.com\/en\/les-dernieres-annonces-les-nouvelles-parutions-suivez-la-vie-du-cabinet\/","name":"Last news, follow our firm's activities - Schmitt Avocats","isPartOf":{"@id":"https:\/\/www.schmittavocats.com\/en\/#website"},"datePublished":"2021-10-26T09:16:25+00:00","dateModified":"2022-04-14T18:35:47+00:00","breadcrumb":{"@id":"https:\/\/www.schmittavocats.com\/en\/les-dernieres-annonces-les-nouvelles-parutions-suivez-la-vie-du-cabinet\/#breadcrumb"},"inLanguage":"en-US","potentialAction":[{"@type":"ReadAction","target":["https:\/\/www.schmittavocats.com\/en\/les-dernieres-annonces-les-nouvelles-parutions-suivez-la-vie-du-cabinet\/"]}]},{"@type":"BreadcrumbList","@id":"https:\/\/www.schmittavocats.com\/en\/les-dernieres-annonces-les-nouvelles-parutions-suivez-la-vie-du-cabinet\/#breadcrumb","itemListElement":[{"@type":"ListItem","position":1,"name":"Accueil","item":"https:\/\/www.schmittavocats.com\/en\/"},{"@type":"ListItem","position":2,"name":"Last news, follow our firm&rsquo;s activities"}]}]}},"_links":{"self":[{"href":"https:\/\/www.schmittavocats.com\/en\/wp-json\/wp\/v2\/pages\/380"}],"collection":[{"href":"https:\/\/www.schmittavocats.com\/en\/wp-json\/wp\/v2\/pages"}],"about":[{"href":"https:\/\/www.schmittavocats.com\/en\/wp-json\/wp\/v2\/types\/page"}],"author":[{"embeddable":true,"href":"https:\/\/www.schmittavocats.com\/en\/wp-json\/wp\/v2\/users\/1"}],"replies":[{"embeddable":true,"href":"https:\/\/www.schmittavocats.com\/en\/wp-json\/wp\/v2\/comments?post=380"}],"version-history":[{"count":1,"href":"https:\/\/www.schmittavocats.com\/en\/wp-json\/wp\/v2\/pages\/380\/revisions"}],"predecessor-version":[{"id":539,"href":"https:\/\/www.schmittavocats.com\/en\/wp-json\/wp\/v2\/pages\/380\/revisions\/539"}],"wp:attachment":[{"href":"https:\/\/www.schmittavocats.com\/en\/wp-json\/wp\/v2\/media?parent=380"}],"curies":[{"name":"wp","href":"https:\/\/api.w.org\/{rel}","templated":true}]}}