{"id":384,"date":"2021-11-05T16:00:42","date_gmt":"2021-11-05T15:00:42","guid":{"rendered":"https:\/\/www.schmittavocats.com\/mentions-legales\/"},"modified":"2022-04-14T20:37:43","modified_gmt":"2022-04-14T18:37:43","slug":"mentions-legales","status":"publish","type":"page","link":"https:\/\/www.schmittavocats.com\/en\/mentions-legales\/","title":{"rendered":"Legal notices"},"content":{"rendered":"\n<h3>Publication manager<\/h3>\n\n\n\n<p>SCHMITT AVOCATS A.A.R.P.I.<br>19, rue Marbeuf &#8211; 75008 PARIS<br>TEL: +33 (0)1 58 12 08 60<br>FAX: +33 (0)1 58 12 08 61<\/p>\n\n\n\n<h3>Website creation<\/h3>\n\n\n\n<p><strong>Agence web Babaweb<\/strong><br>20 rue saint-bernard<br>02 46 65 07 36<br>72000 LE MANS<br><a href=\"https:\/\/www.babaweb.fr\/\">www.babaweb.fr<\/a><\/p>\n\n\n\n<h4>Web hosting<\/h4>\n\n\n\n<p>Alwaysdata &#8211; Excellency<br>62 rue Tiquetonne &#8211; 75002 Paris<br>Tel. 01 83 64 13 87<\/p>\n","protected":false},"excerpt":{"rendered":"<p>Publication manager SCHMITT AVOCATS A.A.R.P.I.19, rue Marbeuf &#8211; 75008 PARISTEL: +33 (0)1 58 12 08 60FAX: +33 (0)1 58 12 08 61 Website creation Agence web Babaweb20 rue saint-bernard02 46 65 07 3672000 LE MANSwww.babaweb.fr Web hosting Alwaysdata &#8211; Excellency62 rue Tiquetonne &#8211; 75002 ParisTel. 01 83 64 13 87<\/p>\n","protected":false},"author":1,"featured_media":0,"parent":0,"menu_order":9,"comment_status":"closed","ping_status":"closed","template":"page-details.php","meta":[],"acf":[],"yoast_head":"<!-- This site is optimized with the Yoast SEO plugin v18.8 - https:\/\/yoast.com\/wordpress\/plugins\/seo\/ -->\n<title>Legal notices - Schmitt Avocats<\/title>\n<meta name=\"robots\" content=\"index, follow, max-snippet:-1, max-image-preview:large, max-video-preview:-1\" \/>\n<link rel=\"canonical\" href=\"https:\/\/www.schmittavocats.com\/en\/mentions-legales\/\" \/>\n<meta property=\"og:locale\" content=\"en_US\" \/>\n<meta property=\"og:type\" content=\"article\" \/>\n<meta property=\"og:title\" content=\"Legal notices - Schmitt Avocats\" \/>\n<meta property=\"og:description\" content=\"Publication manager SCHMITT AVOCATS A.A.R.P.I.19, rue Marbeuf &#8211; 75008 PARISTEL: +33 (0)1 58 12 08 60FAX: +33 (0)1 58 12 08 61 Website creation Agence web Babaweb20 rue saint-bernard02 46 65 07 3672000 LE MANSwww.babaweb.fr Web hosting Alwaysdata &#8211; Excellency62 rue Tiquetonne &#8211; 75002 ParisTel. 01 83 64 13 87\" \/>\n<meta property=\"og:url\" content=\"https:\/\/www.schmittavocats.com\/en\/mentions-legales\/\" \/>\n<meta property=\"og:site_name\" content=\"Schmitt Avocats\" \/>\n<meta property=\"article:modified_time\" content=\"2022-04-14T18:37:43+00:00\" \/>\n<meta name=\"twitter:card\" content=\"summary_large_image\" \/>\n<meta name=\"twitter:label1\" content=\"Est. reading time\" \/>\n\t<meta name=\"twitter:data1\" content=\"1 minute\" \/>\n<script type=\"application\/ld+json\" class=\"yoast-schema-graph\">{\"@context\":\"https:\/\/schema.org\",\"@graph\":[{\"@type\":\"WebSite\",\"@id\":\"https:\/\/www.schmittavocats.com\/en\/#website\",\"url\":\"https:\/\/www.schmittavocats.com\/en\/\",\"name\":\"Schmitt Avocats\",\"description\":\"Schmitt Avocats est un cabinet d\u2019affaires ind\u00e9pendant d\u00e9di\u00e9 au droit public\",\"potentialAction\":[{\"@type\":\"SearchAction\",\"target\":{\"@type\":\"EntryPoint\",\"urlTemplate\":\"https:\/\/www.schmittavocats.com\/en\/?s={search_term_string}\"},\"query-input\":\"required name=search_term_string\"}],\"inLanguage\":\"en-US\"},{\"@type\":\"WebPage\",\"@id\":\"https:\/\/www.schmittavocats.com\/en\/mentions-legales\/#webpage\",\"url\":\"https:\/\/www.schmittavocats.com\/en\/mentions-legales\/\",\"name\":\"Legal notices - Schmitt Avocats\",\"isPartOf\":{\"@id\":\"https:\/\/www.schmittavocats.com\/en\/#website\"},\"datePublished\":\"2021-11-05T15:00:42+00:00\",\"dateModified\":\"2022-04-14T18:37:43+00:00\",\"breadcrumb\":{\"@id\":\"https:\/\/www.schmittavocats.com\/en\/mentions-legales\/#breadcrumb\"},\"inLanguage\":\"en-US\",\"potentialAction\":[{\"@type\":\"ReadAction\",\"target\":[\"https:\/\/www.schmittavocats.com\/en\/mentions-legales\/\"]}]},{\"@type\":\"BreadcrumbList\",\"@id\":\"https:\/\/www.schmittavocats.com\/en\/mentions-legales\/#breadcrumb\",\"itemListElement\":[{\"@type\":\"ListItem\",\"position\":1,\"name\":\"Accueil\",\"item\":\"https:\/\/www.schmittavocats.com\/en\/\"},{\"@type\":\"ListItem\",\"position\":2,\"name\":\"Legal notices\"}]}]}<\/script>\n<!-- \/ Yoast SEO plugin. -->","yoast_head_json":{"title":"Legal notices - Schmitt Avocats","robots":{"index":"index","follow":"follow","max-snippet":"max-snippet:-1","max-image-preview":"max-image-preview:large","max-video-preview":"max-video-preview:-1"},"canonical":"https:\/\/www.schmittavocats.com\/en\/mentions-legales\/","og_locale":"en_US","og_type":"article","og_title":"Legal notices - Schmitt Avocats","og_description":"Publication manager SCHMITT AVOCATS A.A.R.P.I.19, rue Marbeuf &#8211; 75008 PARISTEL: +33 (0)1 58 12 08 60FAX: +33 (0)1 58 12 08 61 Website creation Agence web Babaweb20 rue saint-bernard02 46 65 07 3672000 LE MANSwww.babaweb.fr Web hosting Alwaysdata &#8211; Excellency62 rue Tiquetonne &#8211; 75002 ParisTel. 01 83 64 13 87","og_url":"https:\/\/www.schmittavocats.com\/en\/mentions-legales\/","og_site_name":"Schmitt Avocats","article_modified_time":"2022-04-14T18:37:43+00:00","twitter_card":"summary_large_image","twitter_misc":{"Est. reading time":"1 minute"},"schema":{"@context":"https:\/\/schema.org","@graph":[{"@type":"WebSite","@id":"https:\/\/www.schmittavocats.com\/en\/#website","url":"https:\/\/www.schmittavocats.com\/en\/","name":"Schmitt Avocats","description":"Schmitt Avocats est un cabinet d\u2019affaires ind\u00e9pendant d\u00e9di\u00e9 au droit public","potentialAction":[{"@type":"SearchAction","target":{"@type":"EntryPoint","urlTemplate":"https:\/\/www.schmittavocats.com\/en\/?s={search_term_string}"},"query-input":"required name=search_term_string"}],"inLanguage":"en-US"},{"@type":"WebPage","@id":"https:\/\/www.schmittavocats.com\/en\/mentions-legales\/#webpage","url":"https:\/\/www.schmittavocats.com\/en\/mentions-legales\/","name":"Legal notices - Schmitt Avocats","isPartOf":{"@id":"https:\/\/www.schmittavocats.com\/en\/#website"},"datePublished":"2021-11-05T15:00:42+00:00","dateModified":"2022-04-14T18:37:43+00:00","breadcrumb":{"@id":"https:\/\/www.schmittavocats.com\/en\/mentions-legales\/#breadcrumb"},"inLanguage":"en-US","potentialAction":[{"@type":"ReadAction","target":["https:\/\/www.schmittavocats.com\/en\/mentions-legales\/"]}]},{"@type":"BreadcrumbList","@id":"https:\/\/www.schmittavocats.com\/en\/mentions-legales\/#breadcrumb","itemListElement":[{"@type":"ListItem","position":1,"name":"Accueil","item":"https:\/\/www.schmittavocats.com\/en\/"},{"@type":"ListItem","position":2,"name":"Legal notices"}]}]}},"_links":{"self":[{"href":"https:\/\/www.schmittavocats.com\/en\/wp-json\/wp\/v2\/pages\/384"}],"collection":[{"href":"https:\/\/www.schmittavocats.com\/en\/wp-json\/wp\/v2\/pages"}],"about":[{"href":"https:\/\/www.schmittavocats.com\/en\/wp-json\/wp\/v2\/types\/page"}],"author":[{"embeddable":true,"href":"https:\/\/www.schmittavocats.com\/en\/wp-json\/wp\/v2\/users\/1"}],"replies":[{"embeddable":true,"href":"https:\/\/www.schmittavocats.com\/en\/wp-json\/wp\/v2\/comments?post=384"}],"version-history":[{"count":3,"href":"https:\/\/www.schmittavocats.com\/en\/wp-json\/wp\/v2\/pages\/384\/revisions"}],"predecessor-version":[{"id":541,"href":"https:\/\/www.schmittavocats.com\/en\/wp-json\/wp\/v2\/pages\/384\/revisions\/541"}],"wp:attachment":[{"href":"https:\/\/www.schmittavocats.com\/en\/wp-json\/wp\/v2\/media?parent=384"}],"curies":[{"name":"wp","href":"https:\/\/api.w.org\/{rel}","templated":true}]}}